{"id":824,"date":"2025-06-19T11:47:22","date_gmt":"2025-06-19T11:47:22","guid":{"rendered":"https:\/\/cvchamp.blog\/?page_id=824"},"modified":"2025-06-29T23:44:19","modified_gmt":"2025-06-29T21:44:19","slug":"kapcsolat","status":"publish","type":"page","link":"https:\/\/cvchamp.blog\/hu\/kapcsolat\/","title":{"rendered":"Kapcsolat"},"content":{"rendered":"\n<p><strong>Ideal Bewerbung Kft.<\/strong><\/p>\n\n\n\n<p>Puli s\u00e9t\u00e1ny 18. IV\/19.<\/p>\n\n\n\n<p>H-1213 Budapest<\/p>\n\n\n\n<p><strong>Vezet\u0151k:<\/strong>\u00a0K\u00e1ngli Andr\u00e1s,\u00a0R\u00f3nasz\u00e9ki Bal\u00e1zs<\/p>\n\n\n\n<p><strong>Kapcsolat:<\/strong>&nbsp;info@cvchamp.com<\/p>\n\n\n\n<p><strong>C\u00e9gjegyz\u00e9ksz\u00e1m:<\/strong>&nbsp;01-09-323092<\/p>\n\n\n\n<p><strong>K\u00f6z\u00f6ss\u00e9gi ad\u00f3sz\u00e1m:<\/strong>&nbsp;HU 26304610-2-43<\/p>\n","protected":false},"excerpt":{"rendered":"<p>Ideal Bewerbung Kft. Puli s\u00e9t\u00e1ny 18. IV\/19. H-1213 Budapest Vezet\u0151k:\u00a0K\u00e1ngli Andr\u00e1s,\u00a0R\u00f3nasz\u00e9ki Bal\u00e1zs Kapcsolat:&nbsp;info@cvchamp.com C\u00e9gjegyz\u00e9ksz\u00e1m:&nbsp;01-09-323092 K\u00f6z\u00f6ss\u00e9gi ad\u00f3sz\u00e1m:&nbsp;HU 26304610-2-43<\/p>\n","protected":false},"author":1,"featured_media":0,"parent":0,"menu_order":0,"comment_status":"closed","ping_status":"closed","template":"","meta":{"footnotes":""},"class_list":["post-824","page","type-page","status-publish"],"yoast_head":"<!-- This site is optimized with the Yoast SEO Premium plugin v25.0 (Yoast SEO v27.4) - https:\/\/yoast.com\/product\/yoast-seo-premium-wordpress\/ -->\n<title>Kapcsolat - CVChamp blog<\/title>\n<meta name=\"robots\" content=\"noindex, nofollow\" \/>\n<meta property=\"og:locale\" content=\"hu_HU\" \/>\n<meta property=\"og:type\" content=\"article\" \/>\n<meta property=\"og:title\" content=\"Kapcsolat\" \/>\n<meta property=\"og:description\" content=\"Ideal Bewerbung Kft. Puli s\u00e9t\u00e1ny 18. IV\/19. H-1213 Budapest Vezet\u0151k:\u00a0K\u00e1ngli Andr\u00e1s,\u00a0R\u00f3nasz\u00e9ki Bal\u00e1zs Kapcsolat:&nbsp;info@cvchamp.com C\u00e9gjegyz\u00e9ksz\u00e1m:&nbsp;01-09-323092 K\u00f6z\u00f6ss\u00e9gi ad\u00f3sz\u00e1m:&nbsp;HU 26304610-2-43\" \/>\n<meta property=\"og:url\" content=\"https:\/\/cvchamp.blog\/hu\/kapcsolat\/\" \/>\n<meta property=\"og:site_name\" content=\"CVChamp blog\" \/>\n<meta property=\"article:publisher\" content=\"https:\/\/www.facebook.com\/yourCVCHAMP\" \/>\n<meta property=\"article:modified_time\" content=\"2025-06-29T21:44:19+00:00\" \/>\n<meta name=\"twitter:card\" content=\"summary_large_image\" \/>\n<meta name=\"twitter:label1\" content=\"Becs\u00fclt olvas\u00e1si id\u0151\" \/>\n\t<meta name=\"twitter:data1\" content=\"1 perc\" \/>\n<script type=\"application\/ld+json\" class=\"yoast-schema-graph\">{\"@context\":\"https:\\\/\\\/schema.org\",\"@graph\":[{\"@type\":\"WebPage\",\"@id\":\"https:\\\/\\\/cvchamp.blog\\\/hu\\\/kapcsolat\\\/\",\"url\":\"https:\\\/\\\/cvchamp.blog\\\/hu\\\/kapcsolat\\\/\",\"name\":\"Kapcsolat - CVChamp blog\",\"isPartOf\":{\"@id\":\"https:\\\/\\\/cvchamp.blog\\\/hu\\\/#website\"},\"datePublished\":\"2025-06-19T11:47:22+00:00\",\"dateModified\":\"2025-06-29T21:44:19+00:00\",\"breadcrumb\":{\"@id\":\"https:\\\/\\\/cvchamp.blog\\\/hu\\\/kapcsolat\\\/#breadcrumb\"},\"inLanguage\":\"hu\",\"potentialAction\":[{\"@type\":\"ReadAction\",\"target\":[\"https:\\\/\\\/cvchamp.blog\\\/hu\\\/kapcsolat\\\/\"]}]},{\"@type\":\"BreadcrumbList\",\"@id\":\"https:\\\/\\\/cvchamp.blog\\\/hu\\\/kapcsolat\\\/#breadcrumb\",\"itemListElement\":[{\"@type\":\"ListItem\",\"position\":1,\"name\":\"Home\",\"item\":\"https:\\\/\\\/cvchamp.blog\\\/hu\\\/\"},{\"@type\":\"ListItem\",\"position\":2,\"name\":\"Kapcsolat\"}]},{\"@type\":\"WebSite\",\"@id\":\"https:\\\/\\\/cvchamp.blog\\\/hu\\\/#website\",\"url\":\"https:\\\/\\\/cvchamp.blog\\\/hu\\\/\",\"name\":\"CVChamp blog\",\"description\":\"\",\"publisher\":{\"@id\":\"https:\\\/\\\/cvchamp.blog\\\/hu\\\/#organization\"},\"potentialAction\":[{\"@type\":\"SearchAction\",\"target\":{\"@type\":\"EntryPoint\",\"urlTemplate\":\"https:\\\/\\\/cvchamp.blog\\\/hu\\\/?s={search_term_string}\"},\"query-input\":{\"@type\":\"PropertyValueSpecification\",\"valueRequired\":true,\"valueName\":\"search_term_string\"}}],\"inLanguage\":\"hu\"},{\"@type\":\"Organization\",\"@id\":\"https:\\\/\\\/cvchamp.blog\\\/hu\\\/#organization\",\"name\":\"CVChamp\",\"url\":\"https:\\\/\\\/cvchamp.blog\\\/hu\\\/\",\"logo\":{\"@type\":\"ImageObject\",\"inLanguage\":\"hu\",\"@id\":\"https:\\\/\\\/cvchamp.blog\\\/hu\\\/#\\\/schema\\\/logo\\\/image\\\/\",\"url\":\"https:\\\/\\\/cvchamp.blog\\\/wp-content\\\/uploads\\\/2025\\\/06\\\/icon.png\",\"contentUrl\":\"https:\\\/\\\/cvchamp.blog\\\/wp-content\\\/uploads\\\/2025\\\/06\\\/icon.png\",\"width\":875,\"height\":875,\"caption\":\"CVChamp\"},\"image\":{\"@id\":\"https:\\\/\\\/cvchamp.blog\\\/hu\\\/#\\\/schema\\\/logo\\\/image\\\/\"},\"sameAs\":[\"https:\\\/\\\/www.facebook.com\\\/yourCVCHAMP\"],\"email\":\"info@cvchamp.com\",\"legalName\":\"Ideal Bewerbung Kft.\",\"publishingPrinciples\":\"https:\\\/\\\/cvchamp.blog\\\/hu\\\/\",\"ownershipFundingInfo\":\"https:\\\/\\\/cvchamp.blog\\\/hu\\\/kezdooldal\\\/rolunk\\\/\"}]}<\/script>\n<!-- \/ Yoast SEO Premium plugin. -->","yoast_head_json":{"title":"Kapcsolat - CVChamp blog","robots":{"index":"noindex","follow":"nofollow"},"og_locale":"hu_HU","og_type":"article","og_title":"Kapcsolat","og_description":"Ideal Bewerbung Kft. Puli s\u00e9t\u00e1ny 18. IV\/19. H-1213 Budapest Vezet\u0151k:\u00a0K\u00e1ngli Andr\u00e1s,\u00a0R\u00f3nasz\u00e9ki Bal\u00e1zs Kapcsolat:&nbsp;info@cvchamp.com C\u00e9gjegyz\u00e9ksz\u00e1m:&nbsp;01-09-323092 K\u00f6z\u00f6ss\u00e9gi ad\u00f3sz\u00e1m:&nbsp;HU 26304610-2-43","og_url":"https:\/\/cvchamp.blog\/hu\/kapcsolat\/","og_site_name":"CVChamp blog","article_publisher":"https:\/\/www.facebook.com\/yourCVCHAMP","article_modified_time":"2025-06-29T21:44:19+00:00","twitter_card":"summary_large_image","twitter_misc":{"Becs\u00fclt olvas\u00e1si id\u0151":"1 perc"},"schema":{"@context":"https:\/\/schema.org","@graph":[{"@type":"WebPage","@id":"https:\/\/cvchamp.blog\/hu\/kapcsolat\/","url":"https:\/\/cvchamp.blog\/hu\/kapcsolat\/","name":"Kapcsolat - CVChamp blog","isPartOf":{"@id":"https:\/\/cvchamp.blog\/hu\/#website"},"datePublished":"2025-06-19T11:47:22+00:00","dateModified":"2025-06-29T21:44:19+00:00","breadcrumb":{"@id":"https:\/\/cvchamp.blog\/hu\/kapcsolat\/#breadcrumb"},"inLanguage":"hu","potentialAction":[{"@type":"ReadAction","target":["https:\/\/cvchamp.blog\/hu\/kapcsolat\/"]}]},{"@type":"BreadcrumbList","@id":"https:\/\/cvchamp.blog\/hu\/kapcsolat\/#breadcrumb","itemListElement":[{"@type":"ListItem","position":1,"name":"Home","item":"https:\/\/cvchamp.blog\/hu\/"},{"@type":"ListItem","position":2,"name":"Kapcsolat"}]},{"@type":"WebSite","@id":"https:\/\/cvchamp.blog\/hu\/#website","url":"https:\/\/cvchamp.blog\/hu\/","name":"CVChamp blog","description":"","publisher":{"@id":"https:\/\/cvchamp.blog\/hu\/#organization"},"potentialAction":[{"@type":"SearchAction","target":{"@type":"EntryPoint","urlTemplate":"https:\/\/cvchamp.blog\/hu\/?s={search_term_string}"},"query-input":{"@type":"PropertyValueSpecification","valueRequired":true,"valueName":"search_term_string"}}],"inLanguage":"hu"},{"@type":"Organization","@id":"https:\/\/cvchamp.blog\/hu\/#organization","name":"CVChamp","url":"https:\/\/cvchamp.blog\/hu\/","logo":{"@type":"ImageObject","inLanguage":"hu","@id":"https:\/\/cvchamp.blog\/hu\/#\/schema\/logo\/image\/","url":"https:\/\/cvchamp.blog\/wp-content\/uploads\/2025\/06\/icon.png","contentUrl":"https:\/\/cvchamp.blog\/wp-content\/uploads\/2025\/06\/icon.png","width":875,"height":875,"caption":"CVChamp"},"image":{"@id":"https:\/\/cvchamp.blog\/hu\/#\/schema\/logo\/image\/"},"sameAs":["https:\/\/www.facebook.com\/yourCVCHAMP"],"email":"info@cvchamp.com","legalName":"Ideal Bewerbung Kft.","publishingPrinciples":"https:\/\/cvchamp.blog\/hu\/","ownershipFundingInfo":"https:\/\/cvchamp.blog\/hu\/kezdooldal\/rolunk\/"}]}},"_links":{"self":[{"href":"https:\/\/cvchamp.blog\/hu\/wp-json\/wp\/v2\/pages\/824","targetHints":{"allow":["GET"]}}],"collection":[{"href":"https:\/\/cvchamp.blog\/hu\/wp-json\/wp\/v2\/pages"}],"about":[{"href":"https:\/\/cvchamp.blog\/hu\/wp-json\/wp\/v2\/types\/page"}],"author":[{"embeddable":true,"href":"https:\/\/cvchamp.blog\/hu\/wp-json\/wp\/v2\/users\/1"}],"replies":[{"embeddable":true,"href":"https:\/\/cvchamp.blog\/hu\/wp-json\/wp\/v2\/comments?post=824"}],"version-history":[{"count":1,"href":"https:\/\/cvchamp.blog\/hu\/wp-json\/wp\/v2\/pages\/824\/revisions"}],"predecessor-version":[{"id":825,"href":"https:\/\/cvchamp.blog\/hu\/wp-json\/wp\/v2\/pages\/824\/revisions\/825"}],"wp:attachment":[{"href":"https:\/\/cvchamp.blog\/hu\/wp-json\/wp\/v2\/media?parent=824"}],"curies":[{"name":"wp","href":"https:\/\/api.w.org\/{rel}","templated":true}]}}