{"id":817,"date":"2025-06-18T13:26:44","date_gmt":"2025-06-18T13:26:44","guid":{"rendered":"https:\/\/cvchamp.blog\/?page_id=817"},"modified":"2025-06-18T13:26:45","modified_gmt":"2025-06-18T13:26:45","slug":"rolunk","status":"publish","type":"page","link":"https:\/\/cvchamp.blog\/hu\/kezdooldal\/rolunk\/","title":{"rendered":"R\u00f3lunk"},"content":{"rendered":"\n<p>Andr\u00e1s \u00e9s Bal\u00e1zs, k\u00e9t j\u00f3 bar\u00e1t Budapestr\u0151l \u00e9s Heidelbergb\u0151l \u00fagy hat\u00e1rozott, hogy k\u00f6z\u00f6s blogot ind\u00edtanak. Ebben sok\u00e9ves tapasztalatukra t\u00e1maszkodnak a HR \u00e9s az IT ter\u00fclet\u00e9n. \u00cdgy sz\u00fcletett a CVChamp blog, mely rem\u00e9lhet\u0151leg seg\u00edt k\u00f6zelebb ker\u00fcln\u00f6d \u00e1lmaid \u00e1ll\u00e1s\u00e1hoz. Andr\u00e1s sok\u00e9ves tapasztalattal rendelkezik alkalmaz\u00e1sfejleszt\u00e9s ter\u00fclet\u00e9n Bal\u00e1zs pedid 15 \u00e9vig dolgozott olyan neves v\u00e1llalatokn\u00e1l HR-vezet\u0151k\u00e9nt, mint a Lidl, vagy az Audi. Pontosan tudjuk, melyek azok az \u00f6n\u00e9letrajzok, melyeket a d\u00f6nt\u00e9shoz\u00f3k sz\u00edvesnen l\u00e1tnak \u00e9s azt is, mik\u00e9nt lehet ezeket okosan \u00e9s egyszer\u00fcen elk\u00e9sz\u00edteni. A CVChamp blog m\u00e9g az \u00fatja elej\u00e9n j\u00e1r, de rengeteg \u00f6tlet\u00fcnk, tud\u00e1sunk \u00e9s tapasztalatunk van err\u0151l a t\u00e9m\u00e1r\u00f3l, amit sz\u00edvesen megosztunk veled. Olvass minket, \u00e9s alak\u00edtsuk a p\u00e1ly\u00e1z\u00e1s k\u00ednkeserves folyamat\u00e1t egy\u00fctt egy k\u00f6nnyed \u00f6nkifejez\u00e9si m\u00f3dd\u00e1!<br><\/p>\n","protected":false},"excerpt":{"rendered":"<p>Andr\u00e1s \u00e9s Bal\u00e1zs, k\u00e9t j\u00f3 bar\u00e1t Budapestr\u0151l \u00e9s Heidelbergb\u0151l \u00fagy hat\u00e1rozott, hogy k\u00f6z\u00f6s blogot ind\u00edtanak. Ebben sok\u00e9ves tapasztalatukra t\u00e1maszkodnak a HR \u00e9s az IT ter\u00fclet\u00e9n. \u00cdgy sz\u00fcletett a CVChamp blog, mely rem\u00e9lhet\u0151leg seg\u00edt k\u00f6zelebb ker\u00fcln\u00f6d \u00e1lmaid \u00e1ll\u00e1s\u00e1hoz. Andr\u00e1s sok\u00e9ves tapasztalattal rendelkezik alkalmaz\u00e1sfejleszt\u00e9s ter\u00fclet\u00e9n Bal\u00e1zs pedid 15 \u00e9vig dolgozott olyan neves v\u00e1llalatokn\u00e1l HR-vezet\u0151k\u00e9nt, mint a Lidl, &#8230; <a title=\"R\u00f3lunk\" class=\"read-more\" href=\"https:\/\/cvchamp.blog\/hu\/kezdooldal\/rolunk\/\" aria-label=\"Read more about R\u00f3lunk\">Olvass tov\u00e1bb<\/a><\/p>\n","protected":false},"author":1,"featured_media":0,"parent":612,"menu_order":0,"comment_status":"closed","ping_status":"closed","template":"","meta":{"footnotes":""},"class_list":["post-817","page","type-page","status-publish"],"yoast_head":"<!-- This site is optimized with the Yoast SEO Premium plugin v25.0 (Yoast SEO v27.4) - https:\/\/yoast.com\/product\/yoast-seo-premium-wordpress\/ -->\n<title>R\u00f3lunk - CVChamp blog<\/title>\n<meta name=\"robots\" content=\"noindex, nofollow\" \/>\n<meta property=\"og:locale\" content=\"hu_HU\" \/>\n<meta property=\"og:type\" content=\"article\" \/>\n<meta property=\"og:title\" content=\"R\u00f3lunk\" \/>\n<meta property=\"og:description\" content=\"Andr\u00e1s \u00e9s Bal\u00e1zs, k\u00e9t j\u00f3 bar\u00e1t Budapestr\u0151l \u00e9s Heidelbergb\u0151l \u00fagy hat\u00e1rozott, hogy k\u00f6z\u00f6s blogot ind\u00edtanak. Ebben sok\u00e9ves tapasztalatukra t\u00e1maszkodnak a HR \u00e9s az IT ter\u00fclet\u00e9n. \u00cdgy sz\u00fcletett a CVChamp blog, mely rem\u00e9lhet\u0151leg seg\u00edt k\u00f6zelebb ker\u00fcln\u00f6d \u00e1lmaid \u00e1ll\u00e1s\u00e1hoz. Andr\u00e1s sok\u00e9ves tapasztalattal rendelkezik alkalmaz\u00e1sfejleszt\u00e9s ter\u00fclet\u00e9n Bal\u00e1zs pedid 15 \u00e9vig dolgozott olyan neves v\u00e1llalatokn\u00e1l HR-vezet\u0151k\u00e9nt, mint a Lidl, ... Olvass tov\u00e1bb\" \/>\n<meta property=\"og:url\" content=\"https:\/\/cvchamp.blog\/hu\/kezdooldal\/rolunk\/\" \/>\n<meta property=\"og:site_name\" content=\"CVChamp blog\" \/>\n<meta property=\"article:publisher\" content=\"https:\/\/www.facebook.com\/yourCVCHAMP\" \/>\n<meta property=\"article:modified_time\" content=\"2025-06-18T13:26:45+00:00\" \/>\n<meta name=\"twitter:card\" content=\"summary_large_image\" \/>\n<meta name=\"twitter:label1\" content=\"Becs\u00fclt olvas\u00e1si id\u0151\" \/>\n\t<meta name=\"twitter:data1\" content=\"1 perc\" \/>\n<script type=\"application\/ld+json\" class=\"yoast-schema-graph\">{\"@context\":\"https:\\\/\\\/schema.org\",\"@graph\":[{\"@type\":\"WebPage\",\"@id\":\"https:\\\/\\\/cvchamp.blog\\\/hu\\\/kezdooldal\\\/rolunk\\\/\",\"url\":\"https:\\\/\\\/cvchamp.blog\\\/hu\\\/kezdooldal\\\/rolunk\\\/\",\"name\":\"R\u00f3lunk - CVChamp blog\",\"isPartOf\":{\"@id\":\"https:\\\/\\\/cvchamp.blog\\\/hu\\\/#website\"},\"datePublished\":\"2025-06-18T13:26:44+00:00\",\"dateModified\":\"2025-06-18T13:26:45+00:00\",\"breadcrumb\":{\"@id\":\"https:\\\/\\\/cvchamp.blog\\\/hu\\\/kezdooldal\\\/rolunk\\\/#breadcrumb\"},\"inLanguage\":\"hu\",\"potentialAction\":[{\"@type\":\"ReadAction\",\"target\":[\"https:\\\/\\\/cvchamp.blog\\\/hu\\\/kezdooldal\\\/rolunk\\\/\"]}]},{\"@type\":\"BreadcrumbList\",\"@id\":\"https:\\\/\\\/cvchamp.blog\\\/hu\\\/kezdooldal\\\/rolunk\\\/#breadcrumb\",\"itemListElement\":[{\"@type\":\"ListItem\",\"position\":1,\"name\":\"Home\",\"item\":\"https:\\\/\\\/cvchamp.blog\\\/hu\\\/\"},{\"@type\":\"ListItem\",\"position\":2,\"name\":\"CVChamp blog\",\"item\":\"https:\\\/\\\/cvchamp.blog\\\/hu\\\/\"},{\"@type\":\"ListItem\",\"position\":3,\"name\":\"R\u00f3lunk\"}]},{\"@type\":\"WebSite\",\"@id\":\"https:\\\/\\\/cvchamp.blog\\\/hu\\\/#website\",\"url\":\"https:\\\/\\\/cvchamp.blog\\\/hu\\\/\",\"name\":\"CVChamp blog\",\"description\":\"\",\"publisher\":{\"@id\":\"https:\\\/\\\/cvchamp.blog\\\/hu\\\/#organization\"},\"potentialAction\":[{\"@type\":\"SearchAction\",\"target\":{\"@type\":\"EntryPoint\",\"urlTemplate\":\"https:\\\/\\\/cvchamp.blog\\\/hu\\\/?s={search_term_string}\"},\"query-input\":{\"@type\":\"PropertyValueSpecification\",\"valueRequired\":true,\"valueName\":\"search_term_string\"}}],\"inLanguage\":\"hu\"},{\"@type\":\"Organization\",\"@id\":\"https:\\\/\\\/cvchamp.blog\\\/hu\\\/#organization\",\"name\":\"CVChamp\",\"url\":\"https:\\\/\\\/cvchamp.blog\\\/hu\\\/\",\"logo\":{\"@type\":\"ImageObject\",\"inLanguage\":\"hu\",\"@id\":\"https:\\\/\\\/cvchamp.blog\\\/hu\\\/#\\\/schema\\\/logo\\\/image\\\/\",\"url\":\"https:\\\/\\\/cvchamp.blog\\\/wp-content\\\/uploads\\\/2025\\\/06\\\/icon.png\",\"contentUrl\":\"https:\\\/\\\/cvchamp.blog\\\/wp-content\\\/uploads\\\/2025\\\/06\\\/icon.png\",\"width\":875,\"height\":875,\"caption\":\"CVChamp\"},\"image\":{\"@id\":\"https:\\\/\\\/cvchamp.blog\\\/hu\\\/#\\\/schema\\\/logo\\\/image\\\/\"},\"sameAs\":[\"https:\\\/\\\/www.facebook.com\\\/yourCVCHAMP\"],\"email\":\"info@cvchamp.com\",\"legalName\":\"Ideal Bewerbung Kft.\",\"publishingPrinciples\":\"https:\\\/\\\/cvchamp.blog\\\/hu\\\/\",\"ownershipFundingInfo\":\"https:\\\/\\\/cvchamp.blog\\\/hu\\\/kezdooldal\\\/rolunk\\\/\"}]}<\/script>\n<!-- \/ Yoast SEO Premium plugin. -->","yoast_head_json":{"title":"R\u00f3lunk - CVChamp blog","robots":{"index":"noindex","follow":"nofollow"},"og_locale":"hu_HU","og_type":"article","og_title":"R\u00f3lunk","og_description":"Andr\u00e1s \u00e9s Bal\u00e1zs, k\u00e9t j\u00f3 bar\u00e1t Budapestr\u0151l \u00e9s Heidelbergb\u0151l \u00fagy hat\u00e1rozott, hogy k\u00f6z\u00f6s blogot ind\u00edtanak. Ebben sok\u00e9ves tapasztalatukra t\u00e1maszkodnak a HR \u00e9s az IT ter\u00fclet\u00e9n. \u00cdgy sz\u00fcletett a CVChamp blog, mely rem\u00e9lhet\u0151leg seg\u00edt k\u00f6zelebb ker\u00fcln\u00f6d \u00e1lmaid \u00e1ll\u00e1s\u00e1hoz. Andr\u00e1s sok\u00e9ves tapasztalattal rendelkezik alkalmaz\u00e1sfejleszt\u00e9s ter\u00fclet\u00e9n Bal\u00e1zs pedid 15 \u00e9vig dolgozott olyan neves v\u00e1llalatokn\u00e1l HR-vezet\u0151k\u00e9nt, mint a Lidl, ... Olvass tov\u00e1bb","og_url":"https:\/\/cvchamp.blog\/hu\/kezdooldal\/rolunk\/","og_site_name":"CVChamp blog","article_publisher":"https:\/\/www.facebook.com\/yourCVCHAMP","article_modified_time":"2025-06-18T13:26:45+00:00","twitter_card":"summary_large_image","twitter_misc":{"Becs\u00fclt olvas\u00e1si id\u0151":"1 perc"},"schema":{"@context":"https:\/\/schema.org","@graph":[{"@type":"WebPage","@id":"https:\/\/cvchamp.blog\/hu\/kezdooldal\/rolunk\/","url":"https:\/\/cvchamp.blog\/hu\/kezdooldal\/rolunk\/","name":"R\u00f3lunk - CVChamp blog","isPartOf":{"@id":"https:\/\/cvchamp.blog\/hu\/#website"},"datePublished":"2025-06-18T13:26:44+00:00","dateModified":"2025-06-18T13:26:45+00:00","breadcrumb":{"@id":"https:\/\/cvchamp.blog\/hu\/kezdooldal\/rolunk\/#breadcrumb"},"inLanguage":"hu","potentialAction":[{"@type":"ReadAction","target":["https:\/\/cvchamp.blog\/hu\/kezdooldal\/rolunk\/"]}]},{"@type":"BreadcrumbList","@id":"https:\/\/cvchamp.blog\/hu\/kezdooldal\/rolunk\/#breadcrumb","itemListElement":[{"@type":"ListItem","position":1,"name":"Home","item":"https:\/\/cvchamp.blog\/hu\/"},{"@type":"ListItem","position":2,"name":"CVChamp blog","item":"https:\/\/cvchamp.blog\/hu\/"},{"@type":"ListItem","position":3,"name":"R\u00f3lunk"}]},{"@type":"WebSite","@id":"https:\/\/cvchamp.blog\/hu\/#website","url":"https:\/\/cvchamp.blog\/hu\/","name":"CVChamp blog","description":"","publisher":{"@id":"https:\/\/cvchamp.blog\/hu\/#organization"},"potentialAction":[{"@type":"SearchAction","target":{"@type":"EntryPoint","urlTemplate":"https:\/\/cvchamp.blog\/hu\/?s={search_term_string}"},"query-input":{"@type":"PropertyValueSpecification","valueRequired":true,"valueName":"search_term_string"}}],"inLanguage":"hu"},{"@type":"Organization","@id":"https:\/\/cvchamp.blog\/hu\/#organization","name":"CVChamp","url":"https:\/\/cvchamp.blog\/hu\/","logo":{"@type":"ImageObject","inLanguage":"hu","@id":"https:\/\/cvchamp.blog\/hu\/#\/schema\/logo\/image\/","url":"https:\/\/cvchamp.blog\/wp-content\/uploads\/2025\/06\/icon.png","contentUrl":"https:\/\/cvchamp.blog\/wp-content\/uploads\/2025\/06\/icon.png","width":875,"height":875,"caption":"CVChamp"},"image":{"@id":"https:\/\/cvchamp.blog\/hu\/#\/schema\/logo\/image\/"},"sameAs":["https:\/\/www.facebook.com\/yourCVCHAMP"],"email":"info@cvchamp.com","legalName":"Ideal Bewerbung Kft.","publishingPrinciples":"https:\/\/cvchamp.blog\/hu\/","ownershipFundingInfo":"https:\/\/cvchamp.blog\/hu\/kezdooldal\/rolunk\/"}]}},"_links":{"self":[{"href":"https:\/\/cvchamp.blog\/hu\/wp-json\/wp\/v2\/pages\/817","targetHints":{"allow":["GET"]}}],"collection":[{"href":"https:\/\/cvchamp.blog\/hu\/wp-json\/wp\/v2\/pages"}],"about":[{"href":"https:\/\/cvchamp.blog\/hu\/wp-json\/wp\/v2\/types\/page"}],"author":[{"embeddable":true,"href":"https:\/\/cvchamp.blog\/hu\/wp-json\/wp\/v2\/users\/1"}],"replies":[{"embeddable":true,"href":"https:\/\/cvchamp.blog\/hu\/wp-json\/wp\/v2\/comments?post=817"}],"version-history":[{"count":1,"href":"https:\/\/cvchamp.blog\/hu\/wp-json\/wp\/v2\/pages\/817\/revisions"}],"predecessor-version":[{"id":818,"href":"https:\/\/cvchamp.blog\/hu\/wp-json\/wp\/v2\/pages\/817\/revisions\/818"}],"up":[{"embeddable":true,"href":"https:\/\/cvchamp.blog\/hu\/wp-json\/wp\/v2\/pages\/612"}],"wp:attachment":[{"href":"https:\/\/cvchamp.blog\/hu\/wp-json\/wp\/v2\/media?parent=817"}],"curies":[{"name":"wp","href":"https:\/\/api.w.org\/{rel}","templated":true}]}}