{"id":1026,"date":"2025-06-19T11:47:22","date_gmt":"2025-06-19T09:47:22","guid":{"rendered":"https:\/\/cvchamp.blog\/kontakt\/"},"modified":"2025-06-19T11:47:22","modified_gmt":"2025-06-19T09:47:22","slug":"kontakt","status":"publish","type":"page","link":"https:\/\/cvchamp.blog\/de\/kontakt\/","title":{"rendered":"Kontakt"},"content":{"rendered":"\n<p><strong>Ideal Bewerbung GmbH.<\/strong><\/p>\n\n\n\n<p>Puli s\u00e9t\u00e1ny 18. IV\/19.<\/p>\n\n\n\n<p>H-1213 Budapest<\/p>\n\n\n\n<p><strong>Gesch\u00e4ftsf\u00fchrer:<\/strong> Andr\u00e1s K\u00e1ngli, Bal\u00e1zs R\u00f3nasz\u00e9ki<\/p>\n\n\n\n<p><strong>E-mail:<\/strong>&nbsp;info@cvchamp.com<\/p>\n\n\n\n<p><strong>HR:<\/strong>&nbsp;01-09-323092<\/p>\n\n\n\n<p><strong>Umsatzsteuer-Identifikationsnummer:<\/strong>&nbsp;HU 26304610-2-43<\/p>\n","protected":false},"excerpt":{"rendered":"<p>Ideal Bewerbung GmbH. Puli s\u00e9t\u00e1ny 18. IV\/19. H-1213 Budapest Gesch\u00e4ftsf\u00fchrer: Andr\u00e1s K\u00e1ngli, Bal\u00e1zs R\u00f3nasz\u00e9ki E-mail:&nbsp;info@cvchamp.com HR:&nbsp;01-09-323092 Umsatzsteuer-Identifikationsnummer:&nbsp;HU 26304610-2-43<\/p>\n","protected":false},"author":1,"featured_media":0,"parent":0,"menu_order":0,"comment_status":"closed","ping_status":"closed","template":"","meta":{"footnotes":""},"class_list":["post-1026","page","type-page","status-publish"],"yoast_head":"<!-- This site is optimized with the Yoast SEO Premium plugin v25.0 (Yoast SEO v27.4) - https:\/\/yoast.com\/product\/yoast-seo-premium-wordpress\/ -->\n<title>Kontakt - CVChamp blog<\/title>\n<meta name=\"robots\" content=\"noindex, nofollow\" \/>\n<meta property=\"og:locale\" content=\"de_DE\" \/>\n<meta property=\"og:type\" content=\"article\" \/>\n<meta property=\"og:title\" content=\"Kontakt\" \/>\n<meta property=\"og:description\" content=\"Ideal Bewerbung GmbH. Puli s\u00e9t\u00e1ny 18. IV\/19. H-1213 Budapest Gesch\u00e4ftsf\u00fchrer: Andr\u00e1s K\u00e1ngli, Bal\u00e1zs R\u00f3nasz\u00e9ki E-mail:&nbsp;info@cvchamp.com HR:&nbsp;01-09-323092 Umsatzsteuer-Identifikationsnummer:&nbsp;HU 26304610-2-43\" \/>\n<meta property=\"og:url\" content=\"https:\/\/cvchamp.blog\/de\/kontakt\/\" \/>\n<meta property=\"og:site_name\" content=\"CVChamp blog\" \/>\n<meta property=\"article:publisher\" content=\"https:\/\/www.facebook.com\/yourCVCHAMP\" \/>\n<meta name=\"twitter:card\" content=\"summary_large_image\" \/>\n<script type=\"application\/ld+json\" class=\"yoast-schema-graph\">{\"@context\":\"https:\\\/\\\/schema.org\",\"@graph\":[{\"@type\":\"WebPage\",\"@id\":\"https:\\\/\\\/cvchamp.blog\\\/de\\\/kontakt\\\/\",\"url\":\"https:\\\/\\\/cvchamp.blog\\\/de\\\/kontakt\\\/\",\"name\":\"Kontakt - CVChamp blog\",\"isPartOf\":{\"@id\":\"https:\\\/\\\/cvchamp.blog\\\/hu\\\/#website\"},\"datePublished\":\"2025-06-19T09:47:22+00:00\",\"breadcrumb\":{\"@id\":\"https:\\\/\\\/cvchamp.blog\\\/de\\\/kontakt\\\/#breadcrumb\"},\"inLanguage\":\"de\",\"potentialAction\":[{\"@type\":\"ReadAction\",\"target\":[\"https:\\\/\\\/cvchamp.blog\\\/de\\\/kontakt\\\/\"]}]},{\"@type\":\"BreadcrumbList\",\"@id\":\"https:\\\/\\\/cvchamp.blog\\\/de\\\/kontakt\\\/#breadcrumb\",\"itemListElement\":[{\"@type\":\"ListItem\",\"position\":1,\"name\":\"Home\",\"item\":\"https:\\\/\\\/cvchamp.blog\\\/hu\\\/\"},{\"@type\":\"ListItem\",\"position\":2,\"name\":\"Kontakt\"}]},{\"@type\":\"WebSite\",\"@id\":\"https:\\\/\\\/cvchamp.blog\\\/hu\\\/#website\",\"url\":\"https:\\\/\\\/cvchamp.blog\\\/hu\\\/\",\"name\":\"CVChamp blog\",\"description\":\"\",\"publisher\":{\"@id\":\"https:\\\/\\\/cvchamp.blog\\\/hu\\\/#organization\"},\"potentialAction\":[{\"@type\":\"SearchAction\",\"target\":{\"@type\":\"EntryPoint\",\"urlTemplate\":\"https:\\\/\\\/cvchamp.blog\\\/hu\\\/?s={search_term_string}\"},\"query-input\":{\"@type\":\"PropertyValueSpecification\",\"valueRequired\":true,\"valueName\":\"search_term_string\"}}],\"inLanguage\":\"de\"},{\"@type\":\"Organization\",\"@id\":\"https:\\\/\\\/cvchamp.blog\\\/hu\\\/#organization\",\"name\":\"CVChamp\",\"url\":\"https:\\\/\\\/cvchamp.blog\\\/hu\\\/\",\"logo\":{\"@type\":\"ImageObject\",\"inLanguage\":\"de\",\"@id\":\"https:\\\/\\\/cvchamp.blog\\\/hu\\\/#\\\/schema\\\/logo\\\/image\\\/\",\"url\":\"https:\\\/\\\/cvchamp.blog\\\/wp-content\\\/uploads\\\/2025\\\/06\\\/icon.png\",\"contentUrl\":\"https:\\\/\\\/cvchamp.blog\\\/wp-content\\\/uploads\\\/2025\\\/06\\\/icon.png\",\"width\":875,\"height\":875,\"caption\":\"CVChamp\"},\"image\":{\"@id\":\"https:\\\/\\\/cvchamp.blog\\\/hu\\\/#\\\/schema\\\/logo\\\/image\\\/\"},\"sameAs\":[\"https:\\\/\\\/www.facebook.com\\\/yourCVCHAMP\"],\"email\":\"info@cvchamp.com\",\"legalName\":\"Ideal Bewerbung Kft.\",\"publishingPrinciples\":\"https:\\\/\\\/cvchamp.blog\\\/hu\\\/\",\"ownershipFundingInfo\":\"https:\\\/\\\/cvchamp.blog\\\/hu\\\/kezdooldal\\\/rolunk\\\/\"}]}<\/script>\n<!-- \/ Yoast SEO Premium plugin. -->","yoast_head_json":{"title":"Kontakt - CVChamp blog","robots":{"index":"noindex","follow":"nofollow"},"og_locale":"de_DE","og_type":"article","og_title":"Kontakt","og_description":"Ideal Bewerbung GmbH. Puli s\u00e9t\u00e1ny 18. IV\/19. H-1213 Budapest Gesch\u00e4ftsf\u00fchrer: Andr\u00e1s K\u00e1ngli, Bal\u00e1zs R\u00f3nasz\u00e9ki E-mail:&nbsp;info@cvchamp.com HR:&nbsp;01-09-323092 Umsatzsteuer-Identifikationsnummer:&nbsp;HU 26304610-2-43","og_url":"https:\/\/cvchamp.blog\/de\/kontakt\/","og_site_name":"CVChamp blog","article_publisher":"https:\/\/www.facebook.com\/yourCVCHAMP","twitter_card":"summary_large_image","schema":{"@context":"https:\/\/schema.org","@graph":[{"@type":"WebPage","@id":"https:\/\/cvchamp.blog\/de\/kontakt\/","url":"https:\/\/cvchamp.blog\/de\/kontakt\/","name":"Kontakt - CVChamp blog","isPartOf":{"@id":"https:\/\/cvchamp.blog\/hu\/#website"},"datePublished":"2025-06-19T09:47:22+00:00","breadcrumb":{"@id":"https:\/\/cvchamp.blog\/de\/kontakt\/#breadcrumb"},"inLanguage":"de","potentialAction":[{"@type":"ReadAction","target":["https:\/\/cvchamp.blog\/de\/kontakt\/"]}]},{"@type":"BreadcrumbList","@id":"https:\/\/cvchamp.blog\/de\/kontakt\/#breadcrumb","itemListElement":[{"@type":"ListItem","position":1,"name":"Home","item":"https:\/\/cvchamp.blog\/hu\/"},{"@type":"ListItem","position":2,"name":"Kontakt"}]},{"@type":"WebSite","@id":"https:\/\/cvchamp.blog\/hu\/#website","url":"https:\/\/cvchamp.blog\/hu\/","name":"CVChamp blog","description":"","publisher":{"@id":"https:\/\/cvchamp.blog\/hu\/#organization"},"potentialAction":[{"@type":"SearchAction","target":{"@type":"EntryPoint","urlTemplate":"https:\/\/cvchamp.blog\/hu\/?s={search_term_string}"},"query-input":{"@type":"PropertyValueSpecification","valueRequired":true,"valueName":"search_term_string"}}],"inLanguage":"de"},{"@type":"Organization","@id":"https:\/\/cvchamp.blog\/hu\/#organization","name":"CVChamp","url":"https:\/\/cvchamp.blog\/hu\/","logo":{"@type":"ImageObject","inLanguage":"de","@id":"https:\/\/cvchamp.blog\/hu\/#\/schema\/logo\/image\/","url":"https:\/\/cvchamp.blog\/wp-content\/uploads\/2025\/06\/icon.png","contentUrl":"https:\/\/cvchamp.blog\/wp-content\/uploads\/2025\/06\/icon.png","width":875,"height":875,"caption":"CVChamp"},"image":{"@id":"https:\/\/cvchamp.blog\/hu\/#\/schema\/logo\/image\/"},"sameAs":["https:\/\/www.facebook.com\/yourCVCHAMP"],"email":"info@cvchamp.com","legalName":"Ideal Bewerbung Kft.","publishingPrinciples":"https:\/\/cvchamp.blog\/hu\/","ownershipFundingInfo":"https:\/\/cvchamp.blog\/hu\/kezdooldal\/rolunk\/"}]}},"_links":{"self":[{"href":"https:\/\/cvchamp.blog\/de\/wp-json\/wp\/v2\/pages\/1026","targetHints":{"allow":["GET"]}}],"collection":[{"href":"https:\/\/cvchamp.blog\/de\/wp-json\/wp\/v2\/pages"}],"about":[{"href":"https:\/\/cvchamp.blog\/de\/wp-json\/wp\/v2\/types\/page"}],"author":[{"embeddable":true,"href":"https:\/\/cvchamp.blog\/de\/wp-json\/wp\/v2\/users\/1"}],"replies":[{"embeddable":true,"href":"https:\/\/cvchamp.blog\/de\/wp-json\/wp\/v2\/comments?post=1026"}],"version-history":[{"count":0,"href":"https:\/\/cvchamp.blog\/de\/wp-json\/wp\/v2\/pages\/1026\/revisions"}],"wp:attachment":[{"href":"https:\/\/cvchamp.blog\/de\/wp-json\/wp\/v2\/media?parent=1026"}],"curies":[{"name":"wp","href":"https:\/\/api.w.org\/{rel}","templated":true}]}}