{"id":1025,"date":"2025-06-18T13:26:44","date_gmt":"2025-06-18T11:26:44","guid":{"rendered":"https:\/\/cvchamp.blog\/cvchamp-blog\/uber-uns\/"},"modified":"2025-06-18T13:26:44","modified_gmt":"2025-06-18T11:26:44","slug":"uber-uns","status":"publish","type":"page","link":"https:\/\/cvchamp.blog\/de\/cvchamp-blog\/uber-uns\/","title":{"rendered":"\u00dcber uns"},"content":{"rendered":"\n<p>Andr\u00e1s und Bal\u00e1zs, zwei gute Freunde aus Budapest und Heidelberg, haben beschlossen, einen gemeinsamen Blog zu starten. Dabei st\u00fctzen sie sich auf ihre langj\u00e4hrige Erfahrung im Bereich HR und IT. So entstand der CVChamp Blog, der dir hoffentlich hilft, deinem Traumjob n\u00e4herzukommen. Andr\u00e1s verf\u00fcgt \u00fcber viele Jahre Erfahrung in der Anwendungsentwicklung, w\u00e4hrend Bal\u00e1zs 15 Jahre lang als HR-Leiter bei namhaften Unternehmen wie Lidl und Audi t\u00e4tig war. Wir wissen genau, welche Lebensl\u00e4ufe Entscheider gerne sehen \u2013 und wie man sie clever und einfach erstellt. Der CVChamp Blog steht noch am Anfang, aber wir haben viele Ideen, viel Wissen und Erfahrung zu diesem Thema, die wir gerne mit dir teilen. Lies mit und lass uns gemeinsam den oft m\u00fchsamen Bewerbungsprozess in eine leichte Form des Selbstausdrucks verwandeln!<br><\/p>\n","protected":false},"excerpt":{"rendered":"<p>Andr\u00e1s und Bal\u00e1zs, zwei gute Freunde aus Budapest und Heidelberg, haben beschlossen, einen gemeinsamen Blog zu starten. Dabei st\u00fctzen sie sich auf ihre langj\u00e4hrige Erfahrung im Bereich HR und IT. So entstand der CVChamp Blog, der dir hoffentlich hilft, deinem Traumjob n\u00e4herzukommen. Andr\u00e1s verf\u00fcgt \u00fcber viele Jahre Erfahrung in der Anwendungsentwicklung, w\u00e4hrend Bal\u00e1zs 15 Jahre &#8230; <a title=\"\u00dcber uns\" class=\"read-more\" href=\"https:\/\/cvchamp.blog\/de\/cvchamp-blog\/uber-uns\/\" aria-label=\"Mehr Informationen \u00fcber \u00dcber uns\">Weiterlesen &#8230;<\/a><\/p>\n","protected":false},"author":1,"featured_media":0,"parent":1012,"menu_order":0,"comment_status":"closed","ping_status":"closed","template":"","meta":{"footnotes":""},"class_list":["post-1025","page","type-page","status-publish"],"yoast_head":"<!-- This site is optimized with the Yoast SEO Premium plugin v25.0 (Yoast SEO v27.4) - https:\/\/yoast.com\/product\/yoast-seo-premium-wordpress\/ -->\n<title>\u00dcber uns - CVChamp blog<\/title>\n<meta name=\"robots\" content=\"noindex, nofollow\" \/>\n<meta property=\"og:locale\" content=\"de_DE\" \/>\n<meta property=\"og:type\" content=\"article\" \/>\n<meta property=\"og:title\" content=\"\u00dcber uns\" \/>\n<meta property=\"og:description\" content=\"Andr\u00e1s und Bal\u00e1zs, zwei gute Freunde aus Budapest und Heidelberg, haben beschlossen, einen gemeinsamen Blog zu starten. Dabei st\u00fctzen sie sich auf ihre langj\u00e4hrige Erfahrung im Bereich HR und IT. So entstand der CVChamp Blog, der dir hoffentlich hilft, deinem Traumjob n\u00e4herzukommen. Andr\u00e1s verf\u00fcgt \u00fcber viele Jahre Erfahrung in der Anwendungsentwicklung, w\u00e4hrend Bal\u00e1zs 15 Jahre ... Weiterlesen ...\" \/>\n<meta property=\"og:url\" content=\"https:\/\/cvchamp.blog\/de\/cvchamp-blog\/uber-uns\/\" \/>\n<meta property=\"og:site_name\" content=\"CVChamp blog\" \/>\n<meta property=\"article:publisher\" content=\"https:\/\/www.facebook.com\/yourCVCHAMP\" \/>\n<meta name=\"twitter:card\" content=\"summary_large_image\" \/>\n<meta name=\"twitter:label1\" content=\"Gesch\u00e4tzte Lesezeit\" \/>\n\t<meta name=\"twitter:data1\" content=\"1\u00a0Minute\" \/>\n<script type=\"application\/ld+json\" class=\"yoast-schema-graph\">{\"@context\":\"https:\\\/\\\/schema.org\",\"@graph\":[{\"@type\":\"WebPage\",\"@id\":\"https:\\\/\\\/cvchamp.blog\\\/de\\\/cvchamp-blog\\\/uber-uns\\\/\",\"url\":\"https:\\\/\\\/cvchamp.blog\\\/de\\\/cvchamp-blog\\\/uber-uns\\\/\",\"name\":\"\u00dcber uns - CVChamp blog\",\"isPartOf\":{\"@id\":\"https:\\\/\\\/cvchamp.blog\\\/hu\\\/#website\"},\"datePublished\":\"2025-06-18T11:26:44+00:00\",\"breadcrumb\":{\"@id\":\"https:\\\/\\\/cvchamp.blog\\\/de\\\/cvchamp-blog\\\/uber-uns\\\/#breadcrumb\"},\"inLanguage\":\"de\",\"potentialAction\":[{\"@type\":\"ReadAction\",\"target\":[\"https:\\\/\\\/cvchamp.blog\\\/de\\\/cvchamp-blog\\\/uber-uns\\\/\"]}]},{\"@type\":\"BreadcrumbList\",\"@id\":\"https:\\\/\\\/cvchamp.blog\\\/de\\\/cvchamp-blog\\\/uber-uns\\\/#breadcrumb\",\"itemListElement\":[{\"@type\":\"ListItem\",\"position\":1,\"name\":\"Home\",\"item\":\"https:\\\/\\\/cvchamp.blog\\\/hu\\\/\"},{\"@type\":\"ListItem\",\"position\":2,\"name\":\"CVChamp blog\",\"item\":\"https:\\\/\\\/cvchamp.blog\\\/de\\\/cvchamp-blog\\\/\"},{\"@type\":\"ListItem\",\"position\":3,\"name\":\"\u00dcber uns\"}]},{\"@type\":\"WebSite\",\"@id\":\"https:\\\/\\\/cvchamp.blog\\\/hu\\\/#website\",\"url\":\"https:\\\/\\\/cvchamp.blog\\\/hu\\\/\",\"name\":\"CVChamp blog\",\"description\":\"\",\"publisher\":{\"@id\":\"https:\\\/\\\/cvchamp.blog\\\/hu\\\/#organization\"},\"potentialAction\":[{\"@type\":\"SearchAction\",\"target\":{\"@type\":\"EntryPoint\",\"urlTemplate\":\"https:\\\/\\\/cvchamp.blog\\\/hu\\\/?s={search_term_string}\"},\"query-input\":{\"@type\":\"PropertyValueSpecification\",\"valueRequired\":true,\"valueName\":\"search_term_string\"}}],\"inLanguage\":\"de\"},{\"@type\":\"Organization\",\"@id\":\"https:\\\/\\\/cvchamp.blog\\\/hu\\\/#organization\",\"name\":\"CVChamp\",\"url\":\"https:\\\/\\\/cvchamp.blog\\\/hu\\\/\",\"logo\":{\"@type\":\"ImageObject\",\"inLanguage\":\"de\",\"@id\":\"https:\\\/\\\/cvchamp.blog\\\/hu\\\/#\\\/schema\\\/logo\\\/image\\\/\",\"url\":\"https:\\\/\\\/cvchamp.blog\\\/wp-content\\\/uploads\\\/2025\\\/06\\\/icon.png\",\"contentUrl\":\"https:\\\/\\\/cvchamp.blog\\\/wp-content\\\/uploads\\\/2025\\\/06\\\/icon.png\",\"width\":875,\"height\":875,\"caption\":\"CVChamp\"},\"image\":{\"@id\":\"https:\\\/\\\/cvchamp.blog\\\/hu\\\/#\\\/schema\\\/logo\\\/image\\\/\"},\"sameAs\":[\"https:\\\/\\\/www.facebook.com\\\/yourCVCHAMP\"],\"email\":\"info@cvchamp.com\",\"legalName\":\"Ideal Bewerbung Kft.\",\"publishingPrinciples\":\"https:\\\/\\\/cvchamp.blog\\\/hu\\\/\",\"ownershipFundingInfo\":\"https:\\\/\\\/cvchamp.blog\\\/hu\\\/kezdooldal\\\/rolunk\\\/\"}]}<\/script>\n<!-- \/ Yoast SEO Premium plugin. -->","yoast_head_json":{"title":"\u00dcber uns - CVChamp blog","robots":{"index":"noindex","follow":"nofollow"},"og_locale":"de_DE","og_type":"article","og_title":"\u00dcber uns","og_description":"Andr\u00e1s und Bal\u00e1zs, zwei gute Freunde aus Budapest und Heidelberg, haben beschlossen, einen gemeinsamen Blog zu starten. Dabei st\u00fctzen sie sich auf ihre langj\u00e4hrige Erfahrung im Bereich HR und IT. So entstand der CVChamp Blog, der dir hoffentlich hilft, deinem Traumjob n\u00e4herzukommen. Andr\u00e1s verf\u00fcgt \u00fcber viele Jahre Erfahrung in der Anwendungsentwicklung, w\u00e4hrend Bal\u00e1zs 15 Jahre ... Weiterlesen ...","og_url":"https:\/\/cvchamp.blog\/de\/cvchamp-blog\/uber-uns\/","og_site_name":"CVChamp blog","article_publisher":"https:\/\/www.facebook.com\/yourCVCHAMP","twitter_card":"summary_large_image","twitter_misc":{"Gesch\u00e4tzte Lesezeit":"1\u00a0Minute"},"schema":{"@context":"https:\/\/schema.org","@graph":[{"@type":"WebPage","@id":"https:\/\/cvchamp.blog\/de\/cvchamp-blog\/uber-uns\/","url":"https:\/\/cvchamp.blog\/de\/cvchamp-blog\/uber-uns\/","name":"\u00dcber uns - CVChamp blog","isPartOf":{"@id":"https:\/\/cvchamp.blog\/hu\/#website"},"datePublished":"2025-06-18T11:26:44+00:00","breadcrumb":{"@id":"https:\/\/cvchamp.blog\/de\/cvchamp-blog\/uber-uns\/#breadcrumb"},"inLanguage":"de","potentialAction":[{"@type":"ReadAction","target":["https:\/\/cvchamp.blog\/de\/cvchamp-blog\/uber-uns\/"]}]},{"@type":"BreadcrumbList","@id":"https:\/\/cvchamp.blog\/de\/cvchamp-blog\/uber-uns\/#breadcrumb","itemListElement":[{"@type":"ListItem","position":1,"name":"Home","item":"https:\/\/cvchamp.blog\/hu\/"},{"@type":"ListItem","position":2,"name":"CVChamp blog","item":"https:\/\/cvchamp.blog\/de\/cvchamp-blog\/"},{"@type":"ListItem","position":3,"name":"\u00dcber uns"}]},{"@type":"WebSite","@id":"https:\/\/cvchamp.blog\/hu\/#website","url":"https:\/\/cvchamp.blog\/hu\/","name":"CVChamp blog","description":"","publisher":{"@id":"https:\/\/cvchamp.blog\/hu\/#organization"},"potentialAction":[{"@type":"SearchAction","target":{"@type":"EntryPoint","urlTemplate":"https:\/\/cvchamp.blog\/hu\/?s={search_term_string}"},"query-input":{"@type":"PropertyValueSpecification","valueRequired":true,"valueName":"search_term_string"}}],"inLanguage":"de"},{"@type":"Organization","@id":"https:\/\/cvchamp.blog\/hu\/#organization","name":"CVChamp","url":"https:\/\/cvchamp.blog\/hu\/","logo":{"@type":"ImageObject","inLanguage":"de","@id":"https:\/\/cvchamp.blog\/hu\/#\/schema\/logo\/image\/","url":"https:\/\/cvchamp.blog\/wp-content\/uploads\/2025\/06\/icon.png","contentUrl":"https:\/\/cvchamp.blog\/wp-content\/uploads\/2025\/06\/icon.png","width":875,"height":875,"caption":"CVChamp"},"image":{"@id":"https:\/\/cvchamp.blog\/hu\/#\/schema\/logo\/image\/"},"sameAs":["https:\/\/www.facebook.com\/yourCVCHAMP"],"email":"info@cvchamp.com","legalName":"Ideal Bewerbung Kft.","publishingPrinciples":"https:\/\/cvchamp.blog\/hu\/","ownershipFundingInfo":"https:\/\/cvchamp.blog\/hu\/kezdooldal\/rolunk\/"}]}},"_links":{"self":[{"href":"https:\/\/cvchamp.blog\/de\/wp-json\/wp\/v2\/pages\/1025","targetHints":{"allow":["GET"]}}],"collection":[{"href":"https:\/\/cvchamp.blog\/de\/wp-json\/wp\/v2\/pages"}],"about":[{"href":"https:\/\/cvchamp.blog\/de\/wp-json\/wp\/v2\/types\/page"}],"author":[{"embeddable":true,"href":"https:\/\/cvchamp.blog\/de\/wp-json\/wp\/v2\/users\/1"}],"replies":[{"embeddable":true,"href":"https:\/\/cvchamp.blog\/de\/wp-json\/wp\/v2\/comments?post=1025"}],"version-history":[{"count":0,"href":"https:\/\/cvchamp.blog\/de\/wp-json\/wp\/v2\/pages\/1025\/revisions"}],"up":[{"embeddable":true,"href":"https:\/\/cvchamp.blog\/de\/wp-json\/wp\/v2\/pages\/1012"}],"wp:attachment":[{"href":"https:\/\/cvchamp.blog\/de\/wp-json\/wp\/v2\/media?parent=1025"}],"curies":[{"name":"wp","href":"https:\/\/api.w.org\/{rel}","templated":true}]}}